{"id":66,"date":"2024-02-22T16:35:28","date_gmt":"2024-02-22T15:35:28","guid":{"rendered":"http:\/\/ashtangayogafrance.com\/?page_id=66"},"modified":"2024-06-13T13:02:35","modified_gmt":"2024-06-13T11:02:35","slug":"contact","status":"publish","type":"page","link":"https:\/\/ashtangayogafrance.com\/index.php\/contact\/","title":{"rendered":"Contact Ashtanga Yoga France"},"content":{"rendered":"\n<figure class=\"wp-block-image size-large\"><img loading=\"lazy\" decoding=\"async\" width=\"1024\" height=\"442\" src=\"http:\/\/ashtangayogafrance.com\/wp-content\/uploads\/2024\/02\/Capture-decran-2024-02-22-a-16.35.58-1024x442.jpg\" alt=\"contact Ashtanga Yoga France\" class=\"wp-image-68\" srcset=\"https:\/\/ashtangayogafrance.com\/wp-content\/uploads\/2024\/02\/Capture-decran-2024-02-22-a-16.35.58-1024x442.jpg 1024w, https:\/\/ashtangayogafrance.com\/wp-content\/uploads\/2024\/02\/Capture-decran-2024-02-22-a-16.35.58-300x130.jpg 300w, https:\/\/ashtangayogafrance.com\/wp-content\/uploads\/2024\/02\/Capture-decran-2024-02-22-a-16.35.58-768x332.jpg 768w, https:\/\/ashtangayogafrance.com\/wp-content\/uploads\/2024\/02\/Capture-decran-2024-02-22-a-16.35.58-1536x663.jpg 1536w, https:\/\/ashtangayogafrance.com\/wp-content\/uploads\/2024\/02\/Capture-decran-2024-02-22-a-16.35.58-2048x884.jpg 2048w, https:\/\/ashtangayogafrance.com\/wp-content\/uploads\/2024\/02\/Capture-decran-2024-02-22-a-16.35.58-1568x677.jpg 1568w\" sizes=\"auto, (max-width: 706px) 89vw, (max-width: 767px) 82vw, 740px\" \/><\/figure>\n\n\n\n<p>Vous pouvez contacter directement les professeurs autoris\u00e9s sur leurs <a href=\"http:\/\/ashtangayogafrance.com\/index.php\/professeurs-dashtanga-autorises-du-kpjayi-syc\/\">pages<\/a> du site Ashtanga Yoga France (pour plus d\u2019infos sur la pratique).<\/p>\n\n\n\n<p>Pour nous contacter directement, l\u2019actualit\u00e9, les \u00e9v\u00e9nements rendez-vous sur <a data-type=\"link\" data-id=\"https:\/\/www.instagram.com\/ashtangayogafrance\/\" href=\"https:\/\/www.instagram.com\/ashtangayogafrance\/\" target=\"_blank\" rel=\"noreferrer noopener\">Instagram<\/a> \/ <a data-type=\"link\" data-id=\"https:\/\/www.facebook.com\/ashtangayogafrance\/\" href=\"https:\/\/www.facebook.com\/ashtangayogafrance\/\" target=\"_blank\" rel=\"noreferrer noopener\">Facebook<\/a>.<\/p>\n\n\n\n<p>Vous inscrire \u00e0 la Newsletter <a href=\"https:\/\/ashtangayogafrance.us2.list-manage.com\/subscribe?u=f0105b7906f35f43a3b466c37&amp;id=037029828b\" target=\"_blank\" rel=\"noreferrer noopener\">ici<\/a>.<\/p>\n\n\n\n<p class=\"has-black-color has-text-color has-link-color wp-elements-9ac00cf961d1ea846fe5a532228b76c6\"><\/p>\n\n\n\n<p><\/p>\n\n\n\n<p><a href=\"http:\/\/ashtangayogafrance.com\/index.php\/interview\/\">Interview Sharath Jois ?<\/a><\/p>\n","protected":false},"excerpt":{"rendered":"<p>Vous pouvez contacter directement les professeurs autoris\u00e9s sur leurs pages du site Ashtanga Yoga France (pour plus d\u2019infos sur la pratique). Pour nous contacter directement, l\u2019actualit\u00e9, les \u00e9v\u00e9nements rendez-vous sur Instagram \/ Facebook. Vous inscrire \u00e0 la Newsletter ici. Interview Sharath Jois ?<\/p>\n","protected":false},"author":1,"featured_media":0,"parent":0,"menu_order":0,"comment_status":"closed","ping_status":"closed","template":"","meta":{"footnotes":""},"class_list":["post-66","page","type-page","status-publish","hentry"],"yoast_head":"<!-- This site is optimized with the Yoast SEO plugin v27.5 - https:\/\/yoast.com\/product\/yoast-seo-wordpress\/ -->\n<title>Contact Ashtanga Yoga France - ASHTANGA YOGA FRANCE<\/title>\n<meta name=\"description\" content=\"Contact ashtanga yoga france, vous pouvez contacter directement les professeurs autoris\u00e9s sur leurs pages, pour les \u00e9v\u00e9nements sur Instagram.\" \/>\n<meta name=\"robots\" content=\"index, follow, max-snippet:-1, max-image-preview:large, max-video-preview:-1\" \/>\n<link rel=\"canonical\" href=\"http:\/\/ashtangayogafrance.com\/index.php\/contact\/\" \/>\n<meta property=\"og:locale\" content=\"fr_FR\" \/>\n<meta property=\"og:type\" content=\"article\" \/>\n<meta property=\"og:title\" content=\"Contact Ashtanga Yoga France - ASHTANGA YOGA FRANCE\" \/>\n<meta property=\"og:description\" content=\"Contact ashtanga yoga france, vous pouvez contacter directement les professeurs autoris\u00e9s sur leurs pages, pour les \u00e9v\u00e9nements sur Instagram.\" \/>\n<meta property=\"og:url\" content=\"http:\/\/ashtangayogafrance.com\/index.php\/contact\/\" \/>\n<meta property=\"og:site_name\" content=\"ASHTANGA YOGA FRANCE\" \/>\n<meta property=\"article:publisher\" content=\"https:\/\/www.facebook.com\/ashtangayogafrance\" \/>\n<meta property=\"article:modified_time\" content=\"2024-06-13T11:02:35+00:00\" \/>\n<meta property=\"og:image\" content=\"http:\/\/ashtangayogafrance.com\/wp-content\/uploads\/2024\/02\/Capture-decran-2024-02-22-a-16.35.58-1024x442.jpg\" \/>\n<meta name=\"twitter:card\" content=\"summary_large_image\" \/>\n<meta name=\"twitter:label1\" content=\"Dur\u00e9e de lecture estim\u00e9e\" \/>\n\t<meta name=\"twitter:data1\" content=\"1 minute\" \/>\n<script type=\"application\/ld+json\" class=\"yoast-schema-graph\">{\"@context\":\"https:\\\/\\\/schema.org\",\"@graph\":[{\"@type\":\"WebPage\",\"@id\":\"http:\\\/\\\/ashtangayogafrance.com\\\/index.php\\\/contact\\\/\",\"url\":\"http:\\\/\\\/ashtangayogafrance.com\\\/index.php\\\/contact\\\/\",\"name\":\"Contact Ashtanga Yoga France - ASHTANGA YOGA FRANCE\",\"isPartOf\":{\"@id\":\"http:\\\/\\\/ashtangayogafrance.com\\\/#website\"},\"primaryImageOfPage\":{\"@id\":\"http:\\\/\\\/ashtangayogafrance.com\\\/index.php\\\/contact\\\/#primaryimage\"},\"image\":{\"@id\":\"http:\\\/\\\/ashtangayogafrance.com\\\/index.php\\\/contact\\\/#primaryimage\"},\"thumbnailUrl\":\"http:\\\/\\\/ashtangayogafrance.com\\\/wp-content\\\/uploads\\\/2024\\\/02\\\/Capture-decran-2024-02-22-a-16.35.58-1024x442.jpg\",\"datePublished\":\"2024-02-22T15:35:28+00:00\",\"dateModified\":\"2024-06-13T11:02:35+00:00\",\"description\":\"Contact ashtanga yoga france, vous pouvez contacter directement les professeurs autoris\u00e9s sur leurs pages, pour les \u00e9v\u00e9nements sur Instagram.\",\"breadcrumb\":{\"@id\":\"http:\\\/\\\/ashtangayogafrance.com\\\/index.php\\\/contact\\\/#breadcrumb\"},\"inLanguage\":\"fr-FR\",\"potentialAction\":[{\"@type\":\"ReadAction\",\"target\":[\"http:\\\/\\\/ashtangayogafrance.com\\\/index.php\\\/contact\\\/\"]}]},{\"@type\":\"ImageObject\",\"inLanguage\":\"fr-FR\",\"@id\":\"http:\\\/\\\/ashtangayogafrance.com\\\/index.php\\\/contact\\\/#primaryimage\",\"url\":\"https:\\\/\\\/ashtangayogafrance.com\\\/wp-content\\\/uploads\\\/2024\\\/02\\\/Capture-decran-2024-02-22-a-16.35.58.jpg\",\"contentUrl\":\"https:\\\/\\\/ashtangayogafrance.com\\\/wp-content\\\/uploads\\\/2024\\\/02\\\/Capture-decran-2024-02-22-a-16.35.58.jpg\",\"width\":2372,\"height\":1024},{\"@type\":\"BreadcrumbList\",\"@id\":\"http:\\\/\\\/ashtangayogafrance.com\\\/index.php\\\/contact\\\/#breadcrumb\",\"itemListElement\":[{\"@type\":\"ListItem\",\"position\":1,\"name\":\"Accueil\",\"item\":\"http:\\\/\\\/ashtangayogafrance.com\\\/\"},{\"@type\":\"ListItem\",\"position\":2,\"name\":\"Contact Ashtanga Yoga France\"}]},{\"@type\":\"WebSite\",\"@id\":\"http:\\\/\\\/ashtangayogafrance.com\\\/#website\",\"url\":\"http:\\\/\\\/ashtangayogafrance.com\\\/\",\"name\":\"ASHTANGA YOGA FRANCE\",\"description\":\"Les professeurs Fran\u00e7ais, de l&#039;\u00e9cole KPJAYI SYC de Mysore \u201cSharath Jois Yoga Center Ashtanga Yoga Institute\u201c ASHTANGA YOGA &amp; MYSORE STYLE ASHTANGA, PARIS, LYON, BORDEAUX, AIX EN PROVENCE, LIMOGES, MONTPELLIER, CORSE.\",\"publisher\":{\"@id\":\"http:\\\/\\\/ashtangayogafrance.com\\\/#organization\"},\"potentialAction\":[{\"@type\":\"SearchAction\",\"target\":{\"@type\":\"EntryPoint\",\"urlTemplate\":\"http:\\\/\\\/ashtangayogafrance.com\\\/?s={search_term_string}\"},\"query-input\":{\"@type\":\"PropertyValueSpecification\",\"valueRequired\":true,\"valueName\":\"search_term_string\"}}],\"inLanguage\":\"fr-FR\"},{\"@type\":\"Organization\",\"@id\":\"http:\\\/\\\/ashtangayogafrance.com\\\/#organization\",\"name\":\"ASHTANGA YOGA FRANCE\",\"url\":\"http:\\\/\\\/ashtangayogafrance.com\\\/\",\"logo\":{\"@type\":\"ImageObject\",\"inLanguage\":\"fr-FR\",\"@id\":\"http:\\\/\\\/ashtangayogafrance.com\\\/#\\\/schema\\\/logo\\\/image\\\/\",\"url\":\"https:\\\/\\\/ashtangayogafrance.com\\\/wp-content\\\/uploads\\\/2024\\\/02\\\/cropped-logo-ashtanga-yoga-1.png\",\"contentUrl\":\"https:\\\/\\\/ashtangayogafrance.com\\\/wp-content\\\/uploads\\\/2024\\\/02\\\/cropped-logo-ashtanga-yoga-1.png\",\"width\":250,\"height\":250,\"caption\":\"ASHTANGA YOGA FRANCE\"},\"image\":{\"@id\":\"http:\\\/\\\/ashtangayogafrance.com\\\/#\\\/schema\\\/logo\\\/image\\\/\"},\"sameAs\":[\"https:\\\/\\\/www.facebook.com\\\/ashtangayogafrance\",\"https:\\\/\\\/www.instagram.com\\\/ashtangayogafrance\\\/\"]}]}<\/script>\n<!-- \/ Yoast SEO plugin. -->","yoast_head_json":{"title":"Contact Ashtanga Yoga France - ASHTANGA YOGA FRANCE","description":"Contact ashtanga yoga france, vous pouvez contacter directement les professeurs autoris\u00e9s sur leurs pages, pour les \u00e9v\u00e9nements sur Instagram.","robots":{"index":"index","follow":"follow","max-snippet":"max-snippet:-1","max-image-preview":"max-image-preview:large","max-video-preview":"max-video-preview:-1"},"canonical":"http:\/\/ashtangayogafrance.com\/index.php\/contact\/","og_locale":"fr_FR","og_type":"article","og_title":"Contact Ashtanga Yoga France - ASHTANGA YOGA FRANCE","og_description":"Contact ashtanga yoga france, vous pouvez contacter directement les professeurs autoris\u00e9s sur leurs pages, pour les \u00e9v\u00e9nements sur Instagram.","og_url":"http:\/\/ashtangayogafrance.com\/index.php\/contact\/","og_site_name":"ASHTANGA YOGA FRANCE","article_publisher":"https:\/\/www.facebook.com\/ashtangayogafrance","article_modified_time":"2024-06-13T11:02:35+00:00","og_image":[{"url":"http:\/\/ashtangayogafrance.com\/wp-content\/uploads\/2024\/02\/Capture-decran-2024-02-22-a-16.35.58-1024x442.jpg","type":"","width":"","height":""}],"twitter_card":"summary_large_image","twitter_misc":{"Dur\u00e9e de lecture estim\u00e9e":"1 minute"},"schema":{"@context":"https:\/\/schema.org","@graph":[{"@type":"WebPage","@id":"http:\/\/ashtangayogafrance.com\/index.php\/contact\/","url":"http:\/\/ashtangayogafrance.com\/index.php\/contact\/","name":"Contact Ashtanga Yoga France - ASHTANGA YOGA FRANCE","isPartOf":{"@id":"http:\/\/ashtangayogafrance.com\/#website"},"primaryImageOfPage":{"@id":"http:\/\/ashtangayogafrance.com\/index.php\/contact\/#primaryimage"},"image":{"@id":"http:\/\/ashtangayogafrance.com\/index.php\/contact\/#primaryimage"},"thumbnailUrl":"http:\/\/ashtangayogafrance.com\/wp-content\/uploads\/2024\/02\/Capture-decran-2024-02-22-a-16.35.58-1024x442.jpg","datePublished":"2024-02-22T15:35:28+00:00","dateModified":"2024-06-13T11:02:35+00:00","description":"Contact ashtanga yoga france, vous pouvez contacter directement les professeurs autoris\u00e9s sur leurs pages, pour les \u00e9v\u00e9nements sur Instagram.","breadcrumb":{"@id":"http:\/\/ashtangayogafrance.com\/index.php\/contact\/#breadcrumb"},"inLanguage":"fr-FR","potentialAction":[{"@type":"ReadAction","target":["http:\/\/ashtangayogafrance.com\/index.php\/contact\/"]}]},{"@type":"ImageObject","inLanguage":"fr-FR","@id":"http:\/\/ashtangayogafrance.com\/index.php\/contact\/#primaryimage","url":"https:\/\/ashtangayogafrance.com\/wp-content\/uploads\/2024\/02\/Capture-decran-2024-02-22-a-16.35.58.jpg","contentUrl":"https:\/\/ashtangayogafrance.com\/wp-content\/uploads\/2024\/02\/Capture-decran-2024-02-22-a-16.35.58.jpg","width":2372,"height":1024},{"@type":"BreadcrumbList","@id":"http:\/\/ashtangayogafrance.com\/index.php\/contact\/#breadcrumb","itemListElement":[{"@type":"ListItem","position":1,"name":"Accueil","item":"http:\/\/ashtangayogafrance.com\/"},{"@type":"ListItem","position":2,"name":"Contact Ashtanga Yoga France"}]},{"@type":"WebSite","@id":"http:\/\/ashtangayogafrance.com\/#website","url":"http:\/\/ashtangayogafrance.com\/","name":"ASHTANGA YOGA FRANCE","description":"Les professeurs Fran\u00e7ais, de l&#039;\u00e9cole KPJAYI SYC de Mysore \u201cSharath Jois Yoga Center Ashtanga Yoga Institute\u201c ASHTANGA YOGA &amp; MYSORE STYLE ASHTANGA, PARIS, LYON, BORDEAUX, AIX EN PROVENCE, LIMOGES, MONTPELLIER, CORSE.","publisher":{"@id":"http:\/\/ashtangayogafrance.com\/#organization"},"potentialAction":[{"@type":"SearchAction","target":{"@type":"EntryPoint","urlTemplate":"http:\/\/ashtangayogafrance.com\/?s={search_term_string}"},"query-input":{"@type":"PropertyValueSpecification","valueRequired":true,"valueName":"search_term_string"}}],"inLanguage":"fr-FR"},{"@type":"Organization","@id":"http:\/\/ashtangayogafrance.com\/#organization","name":"ASHTANGA YOGA FRANCE","url":"http:\/\/ashtangayogafrance.com\/","logo":{"@type":"ImageObject","inLanguage":"fr-FR","@id":"http:\/\/ashtangayogafrance.com\/#\/schema\/logo\/image\/","url":"https:\/\/ashtangayogafrance.com\/wp-content\/uploads\/2024\/02\/cropped-logo-ashtanga-yoga-1.png","contentUrl":"https:\/\/ashtangayogafrance.com\/wp-content\/uploads\/2024\/02\/cropped-logo-ashtanga-yoga-1.png","width":250,"height":250,"caption":"ASHTANGA YOGA FRANCE"},"image":{"@id":"http:\/\/ashtangayogafrance.com\/#\/schema\/logo\/image\/"},"sameAs":["https:\/\/www.facebook.com\/ashtangayogafrance","https:\/\/www.instagram.com\/ashtangayogafrance\/"]}]}},"_links":{"self":[{"href":"https:\/\/ashtangayogafrance.com\/index.php\/wp-json\/wp\/v2\/pages\/66","targetHints":{"allow":["GET"]}}],"collection":[{"href":"https:\/\/ashtangayogafrance.com\/index.php\/wp-json\/wp\/v2\/pages"}],"about":[{"href":"https:\/\/ashtangayogafrance.com\/index.php\/wp-json\/wp\/v2\/types\/page"}],"author":[{"embeddable":true,"href":"https:\/\/ashtangayogafrance.com\/index.php\/wp-json\/wp\/v2\/users\/1"}],"replies":[{"embeddable":true,"href":"https:\/\/ashtangayogafrance.com\/index.php\/wp-json\/wp\/v2\/comments?post=66"}],"version-history":[{"count":22,"href":"https:\/\/ashtangayogafrance.com\/index.php\/wp-json\/wp\/v2\/pages\/66\/revisions"}],"predecessor-version":[{"id":220,"href":"https:\/\/ashtangayogafrance.com\/index.php\/wp-json\/wp\/v2\/pages\/66\/revisions\/220"}],"wp:attachment":[{"href":"https:\/\/ashtangayogafrance.com\/index.php\/wp-json\/wp\/v2\/media?parent=66"}],"curies":[{"name":"wp","href":"https:\/\/api.w.org\/{rel}","templated":true}]}}