{"id":55,"date":"2024-02-22T16:14:25","date_gmt":"2024-02-22T15:14:25","guid":{"rendered":"http:\/\/ashtangayogafrance.com\/?page_id=55"},"modified":"2024-03-18T13:28:24","modified_gmt":"2024-03-18T12:28:24","slug":"interview","status":"publish","type":"page","link":"https:\/\/ashtangayogafrance.com\/index.php\/interview\/","title":{"rendered":"Interview Sharath Jois"},"content":{"rendered":"\n<p><a href=\"https:\/\/sharathyogacentre.com\" target=\"_blank\" rel=\"noreferrer noopener\">Sharath Jois<\/a> nous fait l\u2019honneur d\u2019une interview en dix questions pour Ashtanga Yoga France.<\/p>\n\n\n\n<figure class=\"wp-block-embed is-type-video is-provider-youtube wp-block-embed-youtube wp-embed-aspect-16-9 wp-has-aspect-ratio\"><div class=\"wp-block-embed__wrapper\">\n<iframe loading=\"lazy\" title=\"Sharath Jois interview - Shri K Pattabhi Jois Ashtanga Yoga Institute - Mysore february 2018\" width=\"525\" height=\"295\" src=\"https:\/\/www.youtube.com\/embed\/df6ku8kxWLc?feature=oembed\" frameborder=\"0\" allow=\"accelerometer; autoplay; clipboard-write; encrypted-media; gyroscope; picture-in-picture; web-share\" referrerpolicy=\"strict-origin-when-cross-origin\" allowfullscreen><\/iframe>\n<\/div><\/figure>\n\n\n\n<p>10 Questions \u00e0 Sharath Ji :<\/p>\n\n\n\n<p>1\/ Sharathji qu\u2019est-ce que l\u2019Ashtanga yoga et en quoi est-ce diff\u00e9rent du power Yoga ou du Vinyasa Yoga par exemple ?<\/p>\n\n\n\n<p>2\/ Quelle est la diff\u00e9rence entre la Led-class et la Mysore Style ?<\/p>\n\n\n\n<p>3\/ En France, certains professeurs et studios de yoga pr\u00e9tendent transmettre l\u2019Ashtanga Yoga tel qu\u2019il a \u00e9t\u00e9 enseign\u00e9 par votre grand-p\u00e8re Shri Patthabi Jois. Un certain nombre d\u2019entre eux n\u2019ont jamais \u00e9t\u00e9 en Inde. D\u2019autres ne sont venus \u00e9tudier qu\u2019une ou deux fois avec vous ou votre grand-p\u00e8re.<\/p>\n\n\n\n<p>4\/ Merci. Pouvez-vous nous expliquer la diff\u00e9rence entre autoris\u00e9 niveau 1, niveau 2 et certifi\u00e9 ?<\/p>\n\n\n\n<p>5\/ Comment les \u00e9l\u00e8ves peuvent-il savoir si un professeur est vraiment autoris\u00e9 niveau 1 ou 2 ou certifi\u00e9 ? O\u00f9 peuvent-ils trouver cette information ?<\/p>\n\n\n\n<p>6\/ Et les professeurs autoris\u00e9s ou certifies proposent-t-il des teacher training ?<\/p>\n\n\n\n<p><br>7\/ Les professeurs autoris\u00e9s ont-ils certaines responsabilit\u00e9s ?<\/p>\n\n\n\n<p><br>8\/ Est-ce que l\u2019autorisation ou la certification sont des titres que l\u2019on garde toute sa vie ou que l\u2019on peut perdre ?<\/p>\n\n\n\n<p><br>9\/ Comment voyez-vous le futur de l\u2019Ashtanga yoga ?<\/p>\n\n\n\n<p><br>10\/ Et finalement pensez-vous venir un jour en France ?<\/p>\n\n\n\n<p><br>Pour voir la traduction fran\u00e7aise, veuillez activer les sous-titres fran\u00e7ais sur Youtube.<\/p>\n\n\n\n<p><a href=\"http:\/\/ashtangayogafrance.com\/index.php\/contact\/\">Contactez-nous ?<\/a><\/p>\n\n\n\n<figure class=\"wp-block-image size-large\"><img loading=\"lazy\" decoding=\"async\" width=\"1024\" height=\"681\" src=\"http:\/\/ashtangayogafrance.com\/wp-content\/uploads\/2024\/02\/slide-0012-1024x681.jpg\" alt=\"Interview Sharath Jois\" class=\"wp-image-13\" srcset=\"https:\/\/ashtangayogafrance.com\/wp-content\/uploads\/2024\/02\/slide-0012-1024x681.jpg 1024w, https:\/\/ashtangayogafrance.com\/wp-content\/uploads\/2024\/02\/slide-0012-300x199.jpg 300w, https:\/\/ashtangayogafrance.com\/wp-content\/uploads\/2024\/02\/slide-0012-768x511.jpg 768w, https:\/\/ashtangayogafrance.com\/wp-content\/uploads\/2024\/02\/slide-0012.jpg 1385w\" sizes=\"auto, (max-width: 706px) 89vw, (max-width: 767px) 82vw, 740px\" \/><\/figure>\n","protected":false},"excerpt":{"rendered":"<p>Sharath Jois nous fait l\u2019honneur d\u2019une interview en dix questions pour Ashtanga Yoga France. 10 Questions \u00e0 Sharath Ji : 1\/ Sharathji qu\u2019est-ce que l\u2019Ashtanga yoga et en quoi est-ce diff\u00e9rent du power Yoga ou du Vinyasa Yoga par exemple ? 2\/ Quelle est la diff\u00e9rence entre la Led-class et la Mysore Style ? 3\/ &hellip; <\/p>\n<p class=\"link-more\"><a href=\"https:\/\/ashtangayogafrance.com\/index.php\/interview\/\" class=\"more-link\">Continuer la lecture<span class=\"screen-reader-text\"> de &laquo;&nbsp;Interview Sharath Jois&nbsp;&raquo;<\/span><\/a><\/p>\n","protected":false},"author":1,"featured_media":0,"parent":0,"menu_order":0,"comment_status":"closed","ping_status":"closed","template":"","meta":{"footnotes":""},"class_list":["post-55","page","type-page","status-publish","hentry"],"yoast_head":"<!-- This site is optimized with the Yoast SEO plugin v27.5 - https:\/\/yoast.com\/product\/yoast-seo-wordpress\/ -->\n<title>Interview Sharath Jois - ASHTANGA YOGA FRANCE<\/title>\n<meta name=\"description\" content=\"Interview Sharath Jois, Sharath Jois nous fait l\u2019honneur d\u2019une interview en dix questions pour Ashtanga Yoga France.\" \/>\n<meta name=\"robots\" content=\"index, follow, max-snippet:-1, max-image-preview:large, max-video-preview:-1\" \/>\n<link rel=\"canonical\" href=\"http:\/\/ashtangayogafrance.com\/index.php\/interview\/\" \/>\n<meta property=\"og:locale\" content=\"fr_FR\" \/>\n<meta property=\"og:type\" content=\"article\" \/>\n<meta property=\"og:title\" content=\"Interview Sharath Jois - ASHTANGA YOGA FRANCE\" \/>\n<meta property=\"og:description\" content=\"Interview Sharath Jois, Sharath Jois nous fait l\u2019honneur d\u2019une interview en dix questions pour Ashtanga Yoga France.\" \/>\n<meta property=\"og:url\" content=\"http:\/\/ashtangayogafrance.com\/index.php\/interview\/\" \/>\n<meta property=\"og:site_name\" content=\"ASHTANGA YOGA FRANCE\" \/>\n<meta property=\"article:publisher\" content=\"https:\/\/www.facebook.com\/ashtangayogafrance\" \/>\n<meta property=\"article:modified_time\" content=\"2024-03-18T12:28:24+00:00\" \/>\n<meta property=\"og:image\" content=\"http:\/\/ashtangayogafrance.com\/wp-content\/uploads\/2024\/02\/slide-0012-1024x681.jpg\" \/>\n<meta name=\"twitter:card\" content=\"summary_large_image\" \/>\n<meta name=\"twitter:label1\" content=\"Dur\u00e9e de lecture estim\u00e9e\" \/>\n\t<meta name=\"twitter:data1\" content=\"2 minutes\" \/>\n<script type=\"application\/ld+json\" class=\"yoast-schema-graph\">{\"@context\":\"https:\\\/\\\/schema.org\",\"@graph\":[{\"@type\":\"WebPage\",\"@id\":\"http:\\\/\\\/ashtangayogafrance.com\\\/index.php\\\/interview\\\/\",\"url\":\"http:\\\/\\\/ashtangayogafrance.com\\\/index.php\\\/interview\\\/\",\"name\":\"Interview Sharath Jois - ASHTANGA YOGA FRANCE\",\"isPartOf\":{\"@id\":\"http:\\\/\\\/ashtangayogafrance.com\\\/#website\"},\"primaryImageOfPage\":{\"@id\":\"http:\\\/\\\/ashtangayogafrance.com\\\/index.php\\\/interview\\\/#primaryimage\"},\"image\":{\"@id\":\"http:\\\/\\\/ashtangayogafrance.com\\\/index.php\\\/interview\\\/#primaryimage\"},\"thumbnailUrl\":\"http:\\\/\\\/ashtangayogafrance.com\\\/wp-content\\\/uploads\\\/2024\\\/02\\\/slide-0012-1024x681.jpg\",\"datePublished\":\"2024-02-22T15:14:25+00:00\",\"dateModified\":\"2024-03-18T12:28:24+00:00\",\"description\":\"Interview Sharath Jois, Sharath Jois nous fait l\u2019honneur d\u2019une interview en dix questions pour Ashtanga Yoga France.\",\"breadcrumb\":{\"@id\":\"http:\\\/\\\/ashtangayogafrance.com\\\/index.php\\\/interview\\\/#breadcrumb\"},\"inLanguage\":\"fr-FR\",\"potentialAction\":[{\"@type\":\"ReadAction\",\"target\":[\"http:\\\/\\\/ashtangayogafrance.com\\\/index.php\\\/interview\\\/\"]}]},{\"@type\":\"ImageObject\",\"inLanguage\":\"fr-FR\",\"@id\":\"http:\\\/\\\/ashtangayogafrance.com\\\/index.php\\\/interview\\\/#primaryimage\",\"url\":\"https:\\\/\\\/ashtangayogafrance.com\\\/wp-content\\\/uploads\\\/2024\\\/02\\\/slide-0012.jpg\",\"contentUrl\":\"https:\\\/\\\/ashtangayogafrance.com\\\/wp-content\\\/uploads\\\/2024\\\/02\\\/slide-0012.jpg\",\"width\":1385,\"height\":921},{\"@type\":\"BreadcrumbList\",\"@id\":\"http:\\\/\\\/ashtangayogafrance.com\\\/index.php\\\/interview\\\/#breadcrumb\",\"itemListElement\":[{\"@type\":\"ListItem\",\"position\":1,\"name\":\"Accueil\",\"item\":\"http:\\\/\\\/ashtangayogafrance.com\\\/\"},{\"@type\":\"ListItem\",\"position\":2,\"name\":\"Interview Sharath Jois\"}]},{\"@type\":\"WebSite\",\"@id\":\"http:\\\/\\\/ashtangayogafrance.com\\\/#website\",\"url\":\"http:\\\/\\\/ashtangayogafrance.com\\\/\",\"name\":\"ASHTANGA YOGA FRANCE\",\"description\":\"Les professeurs Fran\u00e7ais, de l&#039;\u00e9cole KPJAYI SYC de Mysore \u201cSharath Jois Yoga Center Ashtanga Yoga Institute\u201c ASHTANGA YOGA &amp; MYSORE STYLE ASHTANGA, PARIS, LYON, BORDEAUX, AIX EN PROVENCE, LIMOGES, MONTPELLIER, CORSE.\",\"publisher\":{\"@id\":\"http:\\\/\\\/ashtangayogafrance.com\\\/#organization\"},\"potentialAction\":[{\"@type\":\"SearchAction\",\"target\":{\"@type\":\"EntryPoint\",\"urlTemplate\":\"http:\\\/\\\/ashtangayogafrance.com\\\/?s={search_term_string}\"},\"query-input\":{\"@type\":\"PropertyValueSpecification\",\"valueRequired\":true,\"valueName\":\"search_term_string\"}}],\"inLanguage\":\"fr-FR\"},{\"@type\":\"Organization\",\"@id\":\"http:\\\/\\\/ashtangayogafrance.com\\\/#organization\",\"name\":\"ASHTANGA YOGA FRANCE\",\"url\":\"http:\\\/\\\/ashtangayogafrance.com\\\/\",\"logo\":{\"@type\":\"ImageObject\",\"inLanguage\":\"fr-FR\",\"@id\":\"http:\\\/\\\/ashtangayogafrance.com\\\/#\\\/schema\\\/logo\\\/image\\\/\",\"url\":\"https:\\\/\\\/ashtangayogafrance.com\\\/wp-content\\\/uploads\\\/2024\\\/02\\\/cropped-logo-ashtanga-yoga-1.png\",\"contentUrl\":\"https:\\\/\\\/ashtangayogafrance.com\\\/wp-content\\\/uploads\\\/2024\\\/02\\\/cropped-logo-ashtanga-yoga-1.png\",\"width\":250,\"height\":250,\"caption\":\"ASHTANGA YOGA FRANCE\"},\"image\":{\"@id\":\"http:\\\/\\\/ashtangayogafrance.com\\\/#\\\/schema\\\/logo\\\/image\\\/\"},\"sameAs\":[\"https:\\\/\\\/www.facebook.com\\\/ashtangayogafrance\",\"https:\\\/\\\/www.instagram.com\\\/ashtangayogafrance\\\/\"]}]}<\/script>\n<!-- \/ Yoast SEO plugin. -->","yoast_head_json":{"title":"Interview Sharath Jois - ASHTANGA YOGA FRANCE","description":"Interview Sharath Jois, Sharath Jois nous fait l\u2019honneur d\u2019une interview en dix questions pour Ashtanga Yoga France.","robots":{"index":"index","follow":"follow","max-snippet":"max-snippet:-1","max-image-preview":"max-image-preview:large","max-video-preview":"max-video-preview:-1"},"canonical":"http:\/\/ashtangayogafrance.com\/index.php\/interview\/","og_locale":"fr_FR","og_type":"article","og_title":"Interview Sharath Jois - ASHTANGA YOGA FRANCE","og_description":"Interview Sharath Jois, Sharath Jois nous fait l\u2019honneur d\u2019une interview en dix questions pour Ashtanga Yoga France.","og_url":"http:\/\/ashtangayogafrance.com\/index.php\/interview\/","og_site_name":"ASHTANGA YOGA FRANCE","article_publisher":"https:\/\/www.facebook.com\/ashtangayogafrance","article_modified_time":"2024-03-18T12:28:24+00:00","og_image":[{"url":"http:\/\/ashtangayogafrance.com\/wp-content\/uploads\/2024\/02\/slide-0012-1024x681.jpg","type":"","width":"","height":""}],"twitter_card":"summary_large_image","twitter_misc":{"Dur\u00e9e de lecture estim\u00e9e":"2 minutes"},"schema":{"@context":"https:\/\/schema.org","@graph":[{"@type":"WebPage","@id":"http:\/\/ashtangayogafrance.com\/index.php\/interview\/","url":"http:\/\/ashtangayogafrance.com\/index.php\/interview\/","name":"Interview Sharath Jois - ASHTANGA YOGA FRANCE","isPartOf":{"@id":"http:\/\/ashtangayogafrance.com\/#website"},"primaryImageOfPage":{"@id":"http:\/\/ashtangayogafrance.com\/index.php\/interview\/#primaryimage"},"image":{"@id":"http:\/\/ashtangayogafrance.com\/index.php\/interview\/#primaryimage"},"thumbnailUrl":"http:\/\/ashtangayogafrance.com\/wp-content\/uploads\/2024\/02\/slide-0012-1024x681.jpg","datePublished":"2024-02-22T15:14:25+00:00","dateModified":"2024-03-18T12:28:24+00:00","description":"Interview Sharath Jois, Sharath Jois nous fait l\u2019honneur d\u2019une interview en dix questions pour Ashtanga Yoga France.","breadcrumb":{"@id":"http:\/\/ashtangayogafrance.com\/index.php\/interview\/#breadcrumb"},"inLanguage":"fr-FR","potentialAction":[{"@type":"ReadAction","target":["http:\/\/ashtangayogafrance.com\/index.php\/interview\/"]}]},{"@type":"ImageObject","inLanguage":"fr-FR","@id":"http:\/\/ashtangayogafrance.com\/index.php\/interview\/#primaryimage","url":"https:\/\/ashtangayogafrance.com\/wp-content\/uploads\/2024\/02\/slide-0012.jpg","contentUrl":"https:\/\/ashtangayogafrance.com\/wp-content\/uploads\/2024\/02\/slide-0012.jpg","width":1385,"height":921},{"@type":"BreadcrumbList","@id":"http:\/\/ashtangayogafrance.com\/index.php\/interview\/#breadcrumb","itemListElement":[{"@type":"ListItem","position":1,"name":"Accueil","item":"http:\/\/ashtangayogafrance.com\/"},{"@type":"ListItem","position":2,"name":"Interview Sharath Jois"}]},{"@type":"WebSite","@id":"http:\/\/ashtangayogafrance.com\/#website","url":"http:\/\/ashtangayogafrance.com\/","name":"ASHTANGA YOGA FRANCE","description":"Les professeurs Fran\u00e7ais, de l&#039;\u00e9cole KPJAYI SYC de Mysore \u201cSharath Jois Yoga Center Ashtanga Yoga Institute\u201c ASHTANGA YOGA &amp; MYSORE STYLE ASHTANGA, PARIS, LYON, BORDEAUX, AIX EN PROVENCE, LIMOGES, MONTPELLIER, CORSE.","publisher":{"@id":"http:\/\/ashtangayogafrance.com\/#organization"},"potentialAction":[{"@type":"SearchAction","target":{"@type":"EntryPoint","urlTemplate":"http:\/\/ashtangayogafrance.com\/?s={search_term_string}"},"query-input":{"@type":"PropertyValueSpecification","valueRequired":true,"valueName":"search_term_string"}}],"inLanguage":"fr-FR"},{"@type":"Organization","@id":"http:\/\/ashtangayogafrance.com\/#organization","name":"ASHTANGA YOGA FRANCE","url":"http:\/\/ashtangayogafrance.com\/","logo":{"@type":"ImageObject","inLanguage":"fr-FR","@id":"http:\/\/ashtangayogafrance.com\/#\/schema\/logo\/image\/","url":"https:\/\/ashtangayogafrance.com\/wp-content\/uploads\/2024\/02\/cropped-logo-ashtanga-yoga-1.png","contentUrl":"https:\/\/ashtangayogafrance.com\/wp-content\/uploads\/2024\/02\/cropped-logo-ashtanga-yoga-1.png","width":250,"height":250,"caption":"ASHTANGA YOGA FRANCE"},"image":{"@id":"http:\/\/ashtangayogafrance.com\/#\/schema\/logo\/image\/"},"sameAs":["https:\/\/www.facebook.com\/ashtangayogafrance","https:\/\/www.instagram.com\/ashtangayogafrance\/"]}]}},"_links":{"self":[{"href":"https:\/\/ashtangayogafrance.com\/index.php\/wp-json\/wp\/v2\/pages\/55","targetHints":{"allow":["GET"]}}],"collection":[{"href":"https:\/\/ashtangayogafrance.com\/index.php\/wp-json\/wp\/v2\/pages"}],"about":[{"href":"https:\/\/ashtangayogafrance.com\/index.php\/wp-json\/wp\/v2\/types\/page"}],"author":[{"embeddable":true,"href":"https:\/\/ashtangayogafrance.com\/index.php\/wp-json\/wp\/v2\/users\/1"}],"replies":[{"embeddable":true,"href":"https:\/\/ashtangayogafrance.com\/index.php\/wp-json\/wp\/v2\/comments?post=55"}],"version-history":[{"count":3,"href":"https:\/\/ashtangayogafrance.com\/index.php\/wp-json\/wp\/v2\/pages\/55\/revisions"}],"predecessor-version":[{"id":169,"href":"https:\/\/ashtangayogafrance.com\/index.php\/wp-json\/wp\/v2\/pages\/55\/revisions\/169"}],"wp:attachment":[{"href":"https:\/\/ashtangayogafrance.com\/index.php\/wp-json\/wp\/v2\/media?parent=55"}],"curies":[{"name":"wp","href":"https:\/\/api.w.org\/{rel}","templated":true}]}}