{"id":51,"date":"2024-02-22T16:10:43","date_gmt":"2024-02-22T15:10:43","guid":{"rendered":"http:\/\/ashtangayogafrance.com\/?page_id=51"},"modified":"2024-03-25T16:33:45","modified_gmt":"2024-03-25T15:33:45","slug":"lecole-kpjayi-syc","status":"publish","type":"page","link":"https:\/\/ashtangayogafrance.com\/index.php\/lecole-kpjayi-syc\/","title":{"rendered":"L&rsquo;\u00e9cole KPJAYI \/ SYC"},"content":{"rendered":"\n<figure class=\"wp-block-image size-large\"><img loading=\"lazy\" decoding=\"async\" width=\"1024\" height=\"724\" src=\"http:\/\/ashtangayogafrance.com\/wp-content\/uploads\/2024\/02\/DSC8636-2048x1447-1-1024x724.jpg\" alt=\"L'\u00e9cole KPJAYI et son mur orange\" class=\"wp-image-59\" srcset=\"https:\/\/ashtangayogafrance.com\/wp-content\/uploads\/2024\/02\/DSC8636-2048x1447-1-1024x724.jpg 1024w, https:\/\/ashtangayogafrance.com\/wp-content\/uploads\/2024\/02\/DSC8636-2048x1447-1-300x212.jpg 300w, https:\/\/ashtangayogafrance.com\/wp-content\/uploads\/2024\/02\/DSC8636-2048x1447-1-768x543.jpg 768w, https:\/\/ashtangayogafrance.com\/wp-content\/uploads\/2024\/02\/DSC8636-2048x1447-1-1536x1085.jpg 1536w, https:\/\/ashtangayogafrance.com\/wp-content\/uploads\/2024\/02\/DSC8636-2048x1447-1-1568x1108.jpg 1568w, https:\/\/ashtangayogafrance.com\/wp-content\/uploads\/2024\/02\/DSC8636-2048x1447-1.jpg 2048w\" sizes=\"auto, (max-width: 706px) 89vw, (max-width: 767px) 82vw, 740px\" \/><\/figure>\n\n\n\n<p>Le site officiel de l\u2019\u00e9cole,\u00a0<strong>K pattabhi Jois Ashtanga Yoga Institute Sharath Jois\u00a0<\/strong>(anciennement KPJAYI) devenu Sharath Jois Yoga Center (SYC) <a data-type=\"link\" data-id=\"https:\/\/sharathyogacentre.com\" href=\"https:\/\/sharathyogacentre.com\" target=\"_blank\" rel=\"noreferrer noopener\">sharathyogacentre.com<\/a><\/p>\n\n\n\n<p>\u2022 <em><strong>KPJAYI<\/strong>\u00a0\u00e9cole Sri K. Patthabi Jois Ashtanga Yoga Institute avant 2019<\/em><\/p>\n\n\n\n<p>\u2022\u00a0<em><strong>SYC<\/strong>\u00a0\u00e9cole Sharath Jois Yoga Centre apr\u00e8s 2020<\/em><\/p>\n\n\n\n<p>Les \u00e9tudiants doivent rester au minimum un mois sur place. Il doit y avoir un \u00e9cart minimum de six mois entre la conclusion d\u2019un voyage d\u2019\u00e9tude et le d\u00e9but du suivant.<\/p>\n\n\n\n<p>Le Sarath Jois Yoga Center Ashtanga Yoga Institute est d\u00e9di\u00e9 \u00e0 l\u2019\u00e9ducation des pratiquants de yoga. Les pratiquants devraient venir avec le seul but d\u2019\u00e9tudier la tradition depuis sa source. Les \u00e9tudiants qui se rendent \u00e0 Mysore ne doivent pas s\u2019attendre \u00e0 obtenir le statut d\u2019Autoris\u00e9 ou de Certifi\u00e9.<\/p>\n\n\n\n<p>La liste sur le site SYC constitue le registre officiel des enseignants approuv\u00e9s, qui est la seule autorit\u00e9 capable d\u2019autoriser ou de certifier des individus \u00e0 enseigner la m\u00e9thode du yoga ashtanga telle qu\u2019enseign\u00e9e par Shri K. Pattabhi Jois et R. Sharath.&nbsp;<strong>Il n\u2019y a aucun programme de formation des enseignants approuv\u00e9 par cet institut sous n\u2019importe quel nom (par exemple, Ashtanga Teacher Intensive)<\/strong>; les enseignants qui sont list\u00e9s sur ce site sont des praticiens exp\u00e9riment\u00e9s et des \u00e9tudiants d\u00e9vou\u00e9s qui ont montr\u00e9 un degr\u00e9 consid\u00e9rable de ma\u00eetrise et d\u2019appr\u00e9ciation de l\u2019ashtanga yoga dans sa forme traditionnelle et qui continuent \u00e0 \u00e9tudier r\u00e9guli\u00e8rement au KPJAYI SYC.<\/p>\n\n\n\n<p>Les enseignants sont tenus d\u2019enseigner la m\u00e9thode telle qu\u2019elle est enseign\u00e9e par Shri K. Pattabhi Jois et R. Sharath au KPJAYI SYC \u00e0 Mysore, en Inde. Ils devraient maintenir une salle de yoga ou shala pour permettre une pratique quotidienne, de pr\u00e9f\u00e9rence le matin, de style Mysore et devraient honorer les samedis et les jours de pleine \/ nouvelle lune comme jours de repos.<\/p>\n\n\n\n<p><a href=\"http:\/\/ashtangayogafrance.com\/index.php\/professeurs-dashtanga-autorises-du-kpjayi-syc\/\">Les professeurs Autoris\u00e9s Fran\u00e7ais ?<\/a><\/p>\n","protected":false},"excerpt":{"rendered":"<p>Le site officiel de l\u2019\u00e9cole,\u00a0K pattabhi Jois Ashtanga Yoga Institute Sharath Jois\u00a0(anciennement KPJAYI) devenu Sharath Jois Yoga Center (SYC) sharathyogacentre.com \u2022 KPJAYI\u00a0\u00e9cole Sri K. Patthabi Jois Ashtanga Yoga Institute avant 2019 \u2022\u00a0SYC\u00a0\u00e9cole Sharath Jois Yoga Centre apr\u00e8s 2020 Les \u00e9tudiants doivent rester au minimum un mois sur place. Il doit y avoir un \u00e9cart minimum &hellip; <\/p>\n<p class=\"link-more\"><a href=\"https:\/\/ashtangayogafrance.com\/index.php\/lecole-kpjayi-syc\/\" class=\"more-link\">Continuer la lecture<span class=\"screen-reader-text\"> de &laquo;&nbsp;L&rsquo;\u00e9cole KPJAYI \/ SYC&nbsp;&raquo;<\/span><\/a><\/p>\n","protected":false},"author":1,"featured_media":0,"parent":0,"menu_order":0,"comment_status":"closed","ping_status":"closed","template":"","meta":{"footnotes":""},"class_list":["post-51","page","type-page","status-publish","hentry"],"yoast_head":"<!-- This site is optimized with the Yoast SEO plugin v27.4 - https:\/\/yoast.com\/product\/yoast-seo-wordpress\/ -->\n<title>L&#039;\u00e9cole KPJAYI \/ SYC - ASHTANGA YOGA FRANCE<\/title>\n<meta name=\"description\" content=\"L&#039;\u00e9cole KPJAYI \/ SYC site officiel,\u00a0K pattabhi Jois Ashtanga Yoga Institute\u00a0(anciennement KPJAYI) devenu Sharath Jois Yoga Center (SYC).\" \/>\n<meta name=\"robots\" content=\"index, follow, max-snippet:-1, max-image-preview:large, max-video-preview:-1\" \/>\n<link rel=\"canonical\" href=\"http:\/\/ashtangayogafrance.com\/index.php\/lecole-kpjayi-syc\/\" \/>\n<meta property=\"og:locale\" content=\"fr_FR\" \/>\n<meta property=\"og:type\" content=\"article\" \/>\n<meta property=\"og:title\" content=\"L&#039;\u00e9cole KPJAYI \/ SYC - ASHTANGA YOGA FRANCE\" \/>\n<meta property=\"og:description\" content=\"L&#039;\u00e9cole KPJAYI \/ SYC site officiel,\u00a0K pattabhi Jois Ashtanga Yoga Institute\u00a0(anciennement KPJAYI) devenu Sharath Jois Yoga Center (SYC).\" \/>\n<meta property=\"og:url\" content=\"http:\/\/ashtangayogafrance.com\/index.php\/lecole-kpjayi-syc\/\" \/>\n<meta property=\"og:site_name\" content=\"ASHTANGA YOGA FRANCE\" \/>\n<meta property=\"article:publisher\" content=\"https:\/\/www.facebook.com\/ashtangayogafrance\" \/>\n<meta property=\"article:modified_time\" content=\"2024-03-25T15:33:45+00:00\" \/>\n<meta property=\"og:image\" content=\"http:\/\/ashtangayogafrance.com\/wp-content\/uploads\/2024\/02\/DSC8636-2048x1447-1-1024x724.jpg\" \/>\n<meta name=\"twitter:card\" content=\"summary_large_image\" \/>\n<meta name=\"twitter:label1\" content=\"Dur\u00e9e de lecture estim\u00e9e\" \/>\n\t<meta name=\"twitter:data1\" content=\"2 minutes\" \/>\n<script type=\"application\/ld+json\" class=\"yoast-schema-graph\">{\"@context\":\"https:\\\/\\\/schema.org\",\"@graph\":[{\"@type\":\"WebPage\",\"@id\":\"http:\\\/\\\/ashtangayogafrance.com\\\/index.php\\\/lecole-kpjayi-syc\\\/\",\"url\":\"http:\\\/\\\/ashtangayogafrance.com\\\/index.php\\\/lecole-kpjayi-syc\\\/\",\"name\":\"L'\u00e9cole KPJAYI \\\/ SYC - ASHTANGA YOGA FRANCE\",\"isPartOf\":{\"@id\":\"http:\\\/\\\/ashtangayogafrance.com\\\/#website\"},\"primaryImageOfPage\":{\"@id\":\"http:\\\/\\\/ashtangayogafrance.com\\\/index.php\\\/lecole-kpjayi-syc\\\/#primaryimage\"},\"image\":{\"@id\":\"http:\\\/\\\/ashtangayogafrance.com\\\/index.php\\\/lecole-kpjayi-syc\\\/#primaryimage\"},\"thumbnailUrl\":\"http:\\\/\\\/ashtangayogafrance.com\\\/wp-content\\\/uploads\\\/2024\\\/02\\\/DSC8636-2048x1447-1-1024x724.jpg\",\"datePublished\":\"2024-02-22T15:10:43+00:00\",\"dateModified\":\"2024-03-25T15:33:45+00:00\",\"description\":\"L'\u00e9cole KPJAYI \\\/ SYC site officiel,\u00a0K pattabhi Jois Ashtanga Yoga Institute\u00a0(anciennement KPJAYI) devenu Sharath Jois Yoga Center (SYC).\",\"breadcrumb\":{\"@id\":\"http:\\\/\\\/ashtangayogafrance.com\\\/index.php\\\/lecole-kpjayi-syc\\\/#breadcrumb\"},\"inLanguage\":\"fr-FR\",\"potentialAction\":[{\"@type\":\"ReadAction\",\"target\":[\"http:\\\/\\\/ashtangayogafrance.com\\\/index.php\\\/lecole-kpjayi-syc\\\/\"]}]},{\"@type\":\"ImageObject\",\"inLanguage\":\"fr-FR\",\"@id\":\"http:\\\/\\\/ashtangayogafrance.com\\\/index.php\\\/lecole-kpjayi-syc\\\/#primaryimage\",\"url\":\"https:\\\/\\\/ashtangayogafrance.com\\\/wp-content\\\/uploads\\\/2024\\\/02\\\/DSC8636-2048x1447-1.jpg\",\"contentUrl\":\"https:\\\/\\\/ashtangayogafrance.com\\\/wp-content\\\/uploads\\\/2024\\\/02\\\/DSC8636-2048x1447-1.jpg\",\"width\":2048,\"height\":1447},{\"@type\":\"BreadcrumbList\",\"@id\":\"http:\\\/\\\/ashtangayogafrance.com\\\/index.php\\\/lecole-kpjayi-syc\\\/#breadcrumb\",\"itemListElement\":[{\"@type\":\"ListItem\",\"position\":1,\"name\":\"Accueil\",\"item\":\"http:\\\/\\\/ashtangayogafrance.com\\\/\"},{\"@type\":\"ListItem\",\"position\":2,\"name\":\"L&rsquo;\u00e9cole KPJAYI \\\/ SYC\"}]},{\"@type\":\"WebSite\",\"@id\":\"http:\\\/\\\/ashtangayogafrance.com\\\/#website\",\"url\":\"http:\\\/\\\/ashtangayogafrance.com\\\/\",\"name\":\"ASHTANGA YOGA FRANCE\",\"description\":\"Les professeurs Fran\u00e7ais, de l&#039;\u00e9cole KPJAYI SYC de Mysore \u201cSharath Jois Yoga Center Ashtanga Yoga Institute\u201c ASHTANGA YOGA &amp; MYSORE STYLE ASHTANGA, PARIS, LYON, BORDEAUX, AIX EN PROVENCE, LIMOGES, MONTPELLIER, CORSE.\",\"publisher\":{\"@id\":\"http:\\\/\\\/ashtangayogafrance.com\\\/#organization\"},\"potentialAction\":[{\"@type\":\"SearchAction\",\"target\":{\"@type\":\"EntryPoint\",\"urlTemplate\":\"http:\\\/\\\/ashtangayogafrance.com\\\/?s={search_term_string}\"},\"query-input\":{\"@type\":\"PropertyValueSpecification\",\"valueRequired\":true,\"valueName\":\"search_term_string\"}}],\"inLanguage\":\"fr-FR\"},{\"@type\":\"Organization\",\"@id\":\"http:\\\/\\\/ashtangayogafrance.com\\\/#organization\",\"name\":\"ASHTANGA YOGA FRANCE\",\"url\":\"http:\\\/\\\/ashtangayogafrance.com\\\/\",\"logo\":{\"@type\":\"ImageObject\",\"inLanguage\":\"fr-FR\",\"@id\":\"http:\\\/\\\/ashtangayogafrance.com\\\/#\\\/schema\\\/logo\\\/image\\\/\",\"url\":\"https:\\\/\\\/ashtangayogafrance.com\\\/wp-content\\\/uploads\\\/2024\\\/02\\\/cropped-logo-ashtanga-yoga-1.png\",\"contentUrl\":\"https:\\\/\\\/ashtangayogafrance.com\\\/wp-content\\\/uploads\\\/2024\\\/02\\\/cropped-logo-ashtanga-yoga-1.png\",\"width\":250,\"height\":250,\"caption\":\"ASHTANGA YOGA FRANCE\"},\"image\":{\"@id\":\"http:\\\/\\\/ashtangayogafrance.com\\\/#\\\/schema\\\/logo\\\/image\\\/\"},\"sameAs\":[\"https:\\\/\\\/www.facebook.com\\\/ashtangayogafrance\",\"https:\\\/\\\/www.instagram.com\\\/ashtangayogafrance\\\/\"]}]}<\/script>\n<!-- \/ Yoast SEO plugin. -->","yoast_head_json":{"title":"L'\u00e9cole KPJAYI \/ SYC - ASHTANGA YOGA FRANCE","description":"L'\u00e9cole KPJAYI \/ SYC site officiel,\u00a0K pattabhi Jois Ashtanga Yoga Institute\u00a0(anciennement KPJAYI) devenu Sharath Jois Yoga Center (SYC).","robots":{"index":"index","follow":"follow","max-snippet":"max-snippet:-1","max-image-preview":"max-image-preview:large","max-video-preview":"max-video-preview:-1"},"canonical":"http:\/\/ashtangayogafrance.com\/index.php\/lecole-kpjayi-syc\/","og_locale":"fr_FR","og_type":"article","og_title":"L'\u00e9cole KPJAYI \/ SYC - ASHTANGA YOGA FRANCE","og_description":"L'\u00e9cole KPJAYI \/ SYC site officiel,\u00a0K pattabhi Jois Ashtanga Yoga Institute\u00a0(anciennement KPJAYI) devenu Sharath Jois Yoga Center (SYC).","og_url":"http:\/\/ashtangayogafrance.com\/index.php\/lecole-kpjayi-syc\/","og_site_name":"ASHTANGA YOGA FRANCE","article_publisher":"https:\/\/www.facebook.com\/ashtangayogafrance","article_modified_time":"2024-03-25T15:33:45+00:00","og_image":[{"url":"http:\/\/ashtangayogafrance.com\/wp-content\/uploads\/2024\/02\/DSC8636-2048x1447-1-1024x724.jpg","type":"","width":"","height":""}],"twitter_card":"summary_large_image","twitter_misc":{"Dur\u00e9e de lecture estim\u00e9e":"2 minutes"},"schema":{"@context":"https:\/\/schema.org","@graph":[{"@type":"WebPage","@id":"http:\/\/ashtangayogafrance.com\/index.php\/lecole-kpjayi-syc\/","url":"http:\/\/ashtangayogafrance.com\/index.php\/lecole-kpjayi-syc\/","name":"L'\u00e9cole KPJAYI \/ SYC - ASHTANGA YOGA FRANCE","isPartOf":{"@id":"http:\/\/ashtangayogafrance.com\/#website"},"primaryImageOfPage":{"@id":"http:\/\/ashtangayogafrance.com\/index.php\/lecole-kpjayi-syc\/#primaryimage"},"image":{"@id":"http:\/\/ashtangayogafrance.com\/index.php\/lecole-kpjayi-syc\/#primaryimage"},"thumbnailUrl":"http:\/\/ashtangayogafrance.com\/wp-content\/uploads\/2024\/02\/DSC8636-2048x1447-1-1024x724.jpg","datePublished":"2024-02-22T15:10:43+00:00","dateModified":"2024-03-25T15:33:45+00:00","description":"L'\u00e9cole KPJAYI \/ SYC site officiel,\u00a0K pattabhi Jois Ashtanga Yoga Institute\u00a0(anciennement KPJAYI) devenu Sharath Jois Yoga Center (SYC).","breadcrumb":{"@id":"http:\/\/ashtangayogafrance.com\/index.php\/lecole-kpjayi-syc\/#breadcrumb"},"inLanguage":"fr-FR","potentialAction":[{"@type":"ReadAction","target":["http:\/\/ashtangayogafrance.com\/index.php\/lecole-kpjayi-syc\/"]}]},{"@type":"ImageObject","inLanguage":"fr-FR","@id":"http:\/\/ashtangayogafrance.com\/index.php\/lecole-kpjayi-syc\/#primaryimage","url":"https:\/\/ashtangayogafrance.com\/wp-content\/uploads\/2024\/02\/DSC8636-2048x1447-1.jpg","contentUrl":"https:\/\/ashtangayogafrance.com\/wp-content\/uploads\/2024\/02\/DSC8636-2048x1447-1.jpg","width":2048,"height":1447},{"@type":"BreadcrumbList","@id":"http:\/\/ashtangayogafrance.com\/index.php\/lecole-kpjayi-syc\/#breadcrumb","itemListElement":[{"@type":"ListItem","position":1,"name":"Accueil","item":"http:\/\/ashtangayogafrance.com\/"},{"@type":"ListItem","position":2,"name":"L&rsquo;\u00e9cole KPJAYI \/ SYC"}]},{"@type":"WebSite","@id":"http:\/\/ashtangayogafrance.com\/#website","url":"http:\/\/ashtangayogafrance.com\/","name":"ASHTANGA YOGA FRANCE","description":"Les professeurs Fran\u00e7ais, de l&#039;\u00e9cole KPJAYI SYC de Mysore \u201cSharath Jois Yoga Center Ashtanga Yoga Institute\u201c ASHTANGA YOGA &amp; MYSORE STYLE ASHTANGA, PARIS, LYON, BORDEAUX, AIX EN PROVENCE, LIMOGES, MONTPELLIER, CORSE.","publisher":{"@id":"http:\/\/ashtangayogafrance.com\/#organization"},"potentialAction":[{"@type":"SearchAction","target":{"@type":"EntryPoint","urlTemplate":"http:\/\/ashtangayogafrance.com\/?s={search_term_string}"},"query-input":{"@type":"PropertyValueSpecification","valueRequired":true,"valueName":"search_term_string"}}],"inLanguage":"fr-FR"},{"@type":"Organization","@id":"http:\/\/ashtangayogafrance.com\/#organization","name":"ASHTANGA YOGA FRANCE","url":"http:\/\/ashtangayogafrance.com\/","logo":{"@type":"ImageObject","inLanguage":"fr-FR","@id":"http:\/\/ashtangayogafrance.com\/#\/schema\/logo\/image\/","url":"https:\/\/ashtangayogafrance.com\/wp-content\/uploads\/2024\/02\/cropped-logo-ashtanga-yoga-1.png","contentUrl":"https:\/\/ashtangayogafrance.com\/wp-content\/uploads\/2024\/02\/cropped-logo-ashtanga-yoga-1.png","width":250,"height":250,"caption":"ASHTANGA YOGA FRANCE"},"image":{"@id":"http:\/\/ashtangayogafrance.com\/#\/schema\/logo\/image\/"},"sameAs":["https:\/\/www.facebook.com\/ashtangayogafrance","https:\/\/www.instagram.com\/ashtangayogafrance\/"]}]}},"_links":{"self":[{"href":"https:\/\/ashtangayogafrance.com\/index.php\/wp-json\/wp\/v2\/pages\/51","targetHints":{"allow":["GET"]}}],"collection":[{"href":"https:\/\/ashtangayogafrance.com\/index.php\/wp-json\/wp\/v2\/pages"}],"about":[{"href":"https:\/\/ashtangayogafrance.com\/index.php\/wp-json\/wp\/v2\/types\/page"}],"author":[{"embeddable":true,"href":"https:\/\/ashtangayogafrance.com\/index.php\/wp-json\/wp\/v2\/users\/1"}],"replies":[{"embeddable":true,"href":"https:\/\/ashtangayogafrance.com\/index.php\/wp-json\/wp\/v2\/comments?post=51"}],"version-history":[{"count":5,"href":"https:\/\/ashtangayogafrance.com\/index.php\/wp-json\/wp\/v2\/pages\/51\/revisions"}],"predecessor-version":[{"id":200,"href":"https:\/\/ashtangayogafrance.com\/index.php\/wp-json\/wp\/v2\/pages\/51\/revisions\/200"}],"wp:attachment":[{"href":"https:\/\/ashtangayogafrance.com\/index.php\/wp-json\/wp\/v2\/media?parent=51"}],"curies":[{"name":"wp","href":"https:\/\/api.w.org\/{rel}","templated":true}]}}